{"id":78,"date":"2012-06-22T07:17:32","date_gmt":"2012-06-22T07:17:32","guid":{"rendered":"http:\/\/ib-teni.at\/?page_id=78"},"modified":"2024-03-15T17:13:47","modified_gmt":"2024-03-15T17:13:47","slug":"unternehmen","status":"publish","type":"page","link":"http:\/\/ib-teni.at\/","title":{"rendered":"Unternehmen"},"content":{"rendered":"<p>Ingenieurb\u00fcro f\u00fcr Innenarchitektur mit dem Schwerpunkt auf Planung naturnaher Wohn- und Lebensr\u00e4ume.<\/p>\n<p>Leitgedanke ist es, Wohn- und Lebensr\u00e4ume zu planen, die bei der Herstellung und der Nutzung keinen hohen Energieaufwand verursachen, sondern durch Verwendung nat\u00fcrlicher Baustoffe, Einbeziehung erneuerbarer Energien und m\u00f6glichst naturschonender Produktionsmethoden die Belastungen f\u00fcr Mensch und Umwelt auf ein Minimum zu reduzieren. Bewusstseinsbildung, F\u00f6rderung und Umsetzung des Umwelt-, Nachhaltigkeits- und Biosph\u00e4rengedankens.<\/p>\n<p style=\"text-align: center;\"><a href=\"http:\/\/ib-teni.at\/wp-content\/uploads\/2013\/10\/IMG_0632.jpg\"><img decoding=\"async\" loading=\"lazy\" class=\"size-medium wp-image-228 aligncenter\" src=\"http:\/\/ib-teni.at\/wp-content\/uploads\/2013\/10\/IMG_0632-300x224.jpg\" alt=\"IMG_0632\" width=\"200\" height=\"154\" \/><\/a><\/p>\n<p>Sie wollen anders bauen bzw. wohnen ? F\u00fcr Sie sind \u00d6kologie, Nachhaltigkeit und Schadstoffreduzierung sowie &#8222;Natur&#8220; nicht blo\u00dfe Schlagw\u00f6rter ? Sie w\u00fcrden gerne, wissen aber nicht genau wie und ob dies \u00fcberhaupt m\u00f6glich ist ?<br \/>\nIch biete Ihnen von der Planung bis zur Fertigstellung Ihres Projektes die f\u00fcr Sie passende L\u00f6sung. Egal, ob Sie noch vor der Planung sind, mitten in der Planungsphase stehen, Unterst\u00fctzung in Detailfragen ben\u00f6tigen, umbauen, sanieren oder neu bauen wollen &#8211; oder einfach nur eine unabh\u00e4ngige Meinung h\u00f6ren m\u00f6chten.<\/p>\n<p><em>&#8222;Das Bauen von Luftschl\u00f6ssern kostet nichts, aber ihre Zerst\u00f6rung ist teuer.&#8220;<\/em> <strong>Chinesisches Sprichwort <\/strong><\/p>\n<p><strong>Angebotene Dienstleistungen:<\/strong><\/p>\n<ul>\n<li>Planung (Entwurf-, Einreichung- und Ausf\u00fchrungsplanung)<\/li>\n<li>Ausschreibung (Mengenermittlung, Erstellung, Pr\u00fcfung der Angebote, Mitwirkung bei Auftragsvergabe)<\/li>\n<li>Fachbauaufsicht (\u00d6rtliche Gesamtaufsicht, Abnahme)<\/li>\n<li>Rechnungspr\u00fcfung<\/li>\n<li>Beratung<\/li>\n<li>Erstellen von Energieausweisen<\/li>\n<li>Seit Mai 2023 bin ich Mitglied im Netzwerk Energieberatung Steiermark (netEB) und somit offizieller Ansprechpartner f\u00fcr die vom Land Steiermark gef\u00f6rderte Beratungst\u00e4tigkeit.\u00a0Weiterf\u00fchrende Informationen Energieberatung: www.ich-tus.steiermark.at<\/li>\n<\/ul>\n<p><strong>Folgende\u00a0Dienstleistungen\u00a0kann ich nach bestem Wissen und Gewissen <em><span style=\"text-decoration: underline;\">leider nicht<\/span><\/em> anbieten:<\/strong><\/p>\n<ul>\n<li>Falls Sie ihr Haus mit einem Vollw\u00e4rmeschutzsystem auf EPS-Basis zukleistern wollen, kann ich Ihnen nicht dienen. Ich berate Sie allerdings gerne \u00fcber die m\u00f6glichen sinnvollen Alternativen &#8211; es gibt oft mehr als nur eine L\u00f6sung.<\/li>\n<li>Falls Sie nur auf eine\u00a0&#8222;sch\u00f6ne&#8220; Optik\/Form Wert legen,\u00a0wenden sie sich bitte an\u00a0jemand Anderen. Falls Sie nur auf die Funktion\u00a0Wert legen,\u00a0wenden sie sich bitte an\u00a0jemand Anderen &#8211; wenn ich auch dem Leitsatz\u00a0<em>form follows function<\/em> (Die Form hat der Funktion zu folgen.) einiges abgewinnen kann. Meine Projekte vereinen Funktion und Form unter Einbeziehung weiterer wichtiger Faktoren wie Kosten-Nutzen, \u00d6kologie, Nachhaltigkeit, Baubiologie, etc.<\/li>\n<li>Falls Sie nach einer HP-L\u00f6sung* suchen, bin ich leider der falsche Ansprechpartner. So individuell wie Sie selbst\u00a0ist auch ihr Projekt. Und das erfordert auch f\u00fcr jedes Projekt eine entsprechende Herangehensweise. <em>* = Husch-Pfusch-L\u00f6sung.<\/em><\/li>\n<\/ul>\n<p><em>\u201eEin Traum ist unerl\u00e4sslich, wenn man die Zukunft gestalten will.\u201c<\/em> <strong>Victor Hugo<\/strong><\/p>\n","protected":false},"excerpt":{"rendered":"<p>Ingenieurb\u00fcro f\u00fcr Innenarchitektur mit dem Schwerpunkt auf Planung naturnaher Wohn- und Lebensr\u00e4ume. Leitgedanke ist es, Wohn- und Lebensr\u00e4ume zu planen, die bei der Herstellung und der Nutzung keinen hohen Energieaufwand verursachen, sondern durch Verwendung nat\u00fcrlicher Baustoffe, Einbeziehung erneuerbarer Energien und &hellip; <a class=\"more-link\" href=\"http:\/\/ib-teni.at\/\">Continue reading <span class=\"meta-nav\">&rarr;<\/span><\/a><\/p>\n","protected":false},"author":1,"featured_media":0,"parent":0,"menu_order":0,"comment_status":"open","ping_status":"closed","template":"","meta":{"footnotes":""},"_links":{"self":[{"href":"http:\/\/ib-teni.at\/index.php?rest_route=\/wp\/v2\/pages\/78"}],"collection":[{"href":"http:\/\/ib-teni.at\/index.php?rest_route=\/wp\/v2\/pages"}],"about":[{"href":"http:\/\/ib-teni.at\/index.php?rest_route=\/wp\/v2\/types\/page"}],"author":[{"embeddable":true,"href":"http:\/\/ib-teni.at\/index.php?rest_route=\/wp\/v2\/users\/1"}],"replies":[{"embeddable":true,"href":"http:\/\/ib-teni.at\/index.php?rest_route=%2Fwp%2Fv2%2Fcomments&post=78"}],"version-history":[{"count":10,"href":"http:\/\/ib-teni.at\/index.php?rest_route=\/wp\/v2\/pages\/78\/revisions"}],"predecessor-version":[{"id":515,"href":"http:\/\/ib-teni.at\/index.php?rest_route=\/wp\/v2\/pages\/78\/revisions\/515"}],"wp:attachment":[{"href":"http:\/\/ib-teni.at\/index.php?rest_route=%2Fwp%2Fv2%2Fmedia&parent=78"}],"curies":[{"name":"wp","href":"https:\/\/api.w.org\/{rel}","templated":true}]}}