{"id":48,"date":"2012-06-22T06:50:06","date_gmt":"2012-06-22T06:50:06","guid":{"rendered":"http:\/\/ib-teni.at\/?page_id=48"},"modified":"2012-06-26T08:04:18","modified_gmt":"2012-06-26T08:04:18","slug":"lehmofen","status":"publish","type":"page","link":"http:\/\/ib-teni.at\/?page_id=48","title":{"rendered":"Lehmofen"},"content":{"rendered":"<p>Da der Baustoff Lehm sich einer &#8211; zu Recht &#8211; \u00a0immer gr\u00f6\u00dferen Beliebtheit erfreut, r\u00fccken auch wieder Anwendungen dieses genialen Baustoffes\u00a0ins allgemeine Blickfeld, die schon fast in Vergessenheit geraten sind. So erfreuen sich Lehm\u00f6fen einer immer gr\u00f6\u00dferen Beliebtheit. Wer sich f\u00fcr einen Lehmofen\u00a0entscheidet, hat neben der wohligen W\u00e4rme (Funktion) auch einen absoluten Blickfang (Form). Denn Lehm\u00f6fen sind in den meisten F\u00e4llen absolute\u00a0Einzelst\u00fccke, die mit ihrer\u00a0weichen, oft organischen Formgebung\u00a0das Herzst\u00fcck des Hauses bilden.<\/p>\n<p>Bei einem Lehmofen handelt es sich in der Regel um einen Grundofen, der zum Gro\u00dfteil aus Lehm gebaut ist. Bei Lehm\u00f6fen, die zur Beheizung von Wohnr\u00e4umen\/H\u00e4usern dienen, wird der Feuerraum meist aus Schamottsteinen gefertigt. Neben Lehmsteinen, Lehmm\u00f6rtel und Lehmputz k\u00f6nnen eine Vielzahl weiterer Baumaterialien (Ziegelsteine, Fliesen, Natursteine, etc.)\u00a0verwendet werden, hier kann der Ofenbauer seiner\u00a0Kreativit\u00e4t\u00a0freien Lauf lassen (erlaubt ist, was gef\u00e4llt).\u00a0Da Lehm in getrocknetem Zustand stabil ist und eine sehr gute W\u00e4rmespeicherf\u00e4higkeit besitzt,\u00a0 k\u00f6nnen im Inneren von Lehm\u00f6fen Temperaturen um die 1.000\u00b0 Celsius erreicht und auch (zeitlich begrenzt) gespeichert werden. Lehm\u00f6fen wurden und werden f\u00fcr die verschiedensten Zwecke verwendet.<\/p>\n<ul>\n<li>Beheizung einzelner Wohnr\u00e4ume \u00a0&#8211; die liegende Z\u00fcge werden oft als Ofenb\u00e4nke\u00a0 (W\u00e4rmebank) ausgef\u00fchrt<\/li>\n<li>Beheizung ganzer H\u00e4user<\/li>\n<li>Erw\u00e4rmung von Wasser (in Verbindung mit einer Wassertasche)<\/li>\n<li>Als Backofen (Brot, Pizza, etc.)<\/li>\n<li>Als Brenn\u00f6fen (Keramikherstellung)<\/li>\n<li>Lehmessen (zum Schmieden)<\/li>\n<\/ul>\n<p>Lehmofen zur Wohnraumbeheizung mit beidseitiger W\u00e4rmebank und Liegefl\u00e4che.<\/p>\n\n\t\t<style type=\"text\/css\">\n\t\t\t#gallery-1 {\n\t\t\t\tmargin: auto;\n\t\t\t}\n\t\t\t#gallery-1 .gallery-item {\n\t\t\t\tfloat: left;\n\t\t\t\tmargin-top: 10px;\n\t\t\t\ttext-align: center;\n\t\t\t\twidth: 50%;\n\t\t\t}\n\t\t\t#gallery-1 img {\n\t\t\t\tborder: 2px solid #cfcfcf;\n\t\t\t}\n\t\t\t#gallery-1 .gallery-caption {\n\t\t\t\tmargin-left: 0;\n\t\t\t}\n\t\t\t\/* see gallery_shortcode() in wp-includes\/media.php *\/\n\t\t<\/style>\n\t\t<div id='gallery-1' class='gallery galleryid-48 gallery-columns-2 gallery-size-thumbnail'><dl class='gallery-item'>\n\t\t\t<dt class='gallery-icon landscape'>\n\t\t\t\t<a href='http:\/\/ib-teni.at\/?attachment_id=49'><img width=\"150\" height=\"150\" src=\"http:\/\/ib-teni.at\/wp-content\/uploads\/2012\/06\/1-Aufbau-150x150.jpg\" class=\"attachment-thumbnail size-thumbnail\" alt=\"\" decoding=\"async\" loading=\"lazy\" \/><\/a>\n\t\t\t<\/dt><\/dl><dl class='gallery-item'>\n\t\t\t<dt class='gallery-icon landscape'>\n\t\t\t\t<a href='http:\/\/ib-teni.at\/?attachment_id=50'><img width=\"150\" height=\"150\" src=\"http:\/\/ib-teni.at\/wp-content\/uploads\/2012\/06\/2-Aufbau-150x150.jpg\" class=\"attachment-thumbnail size-thumbnail\" alt=\"\" decoding=\"async\" loading=\"lazy\" \/><\/a>\n\t\t\t<\/dt><\/dl><br style=\"clear: both\" \/><dl class='gallery-item'>\n\t\t\t<dt class='gallery-icon landscape'>\n\t\t\t\t<a href='http:\/\/ib-teni.at\/?attachment_id=51'><img width=\"150\" height=\"150\" src=\"http:\/\/ib-teni.at\/wp-content\/uploads\/2012\/06\/3-Aufbau-150x150.jpg\" class=\"attachment-thumbnail size-thumbnail\" alt=\"\" decoding=\"async\" loading=\"lazy\" \/><\/a>\n\t\t\t<\/dt><\/dl><dl class='gallery-item'>\n\t\t\t<dt class='gallery-icon portrait'>\n\t\t\t\t<a href='http:\/\/ib-teni.at\/?attachment_id=52'><img width=\"150\" height=\"150\" src=\"http:\/\/ib-teni.at\/wp-content\/uploads\/2012\/06\/4-Aufbau-150x150.jpg\" class=\"attachment-thumbnail size-thumbnail\" alt=\"\" decoding=\"async\" loading=\"lazy\" \/><\/a>\n\t\t\t<\/dt><\/dl><br style=\"clear: both\" \/><dl class='gallery-item'>\n\t\t\t<dt class='gallery-icon landscape'>\n\t\t\t\t<a href='http:\/\/ib-teni.at\/?attachment_id=53'><img width=\"150\" height=\"150\" src=\"http:\/\/ib-teni.at\/wp-content\/uploads\/2012\/06\/5-erstes-Feuer-150x150.jpg\" class=\"attachment-thumbnail size-thumbnail\" alt=\"\" decoding=\"async\" loading=\"lazy\" \/><\/a>\n\t\t\t<\/dt><\/dl><dl class='gallery-item'>\n\t\t\t<dt class='gallery-icon landscape'>\n\t\t\t\t<a href='http:\/\/ib-teni.at\/?attachment_id=54'><img width=\"150\" height=\"150\" src=\"http:\/\/ib-teni.at\/wp-content\/uploads\/2012\/06\/6-Au\u00dfenh\u00fclle-150x150.jpg\" class=\"attachment-thumbnail size-thumbnail\" alt=\"\" decoding=\"async\" loading=\"lazy\" \/><\/a>\n\t\t\t<\/dt><\/dl><br style=\"clear: both\" \/><dl class='gallery-item'>\n\t\t\t<dt class='gallery-icon landscape'>\n\t\t\t\t<a href='http:\/\/ib-teni.at\/?attachment_id=55'><img width=\"150\" height=\"150\" src=\"http:\/\/ib-teni.at\/wp-content\/uploads\/2012\/06\/7-Au\u00dfenh\u00fclle-150x150.jpg\" class=\"attachment-thumbnail size-thumbnail\" alt=\"\" decoding=\"async\" loading=\"lazy\" \/><\/a>\n\t\t\t<\/dt><\/dl><dl class='gallery-item'>\n\t\t\t<dt class='gallery-icon landscape'>\n\t\t\t\t<a href='http:\/\/ib-teni.at\/?attachment_id=56'><img width=\"150\" height=\"150\" src=\"http:\/\/ib-teni.at\/wp-content\/uploads\/2012\/06\/8-Au\u00dfenh\u00fclle-150x150.jpg\" class=\"attachment-thumbnail size-thumbnail\" alt=\"\" decoding=\"async\" loading=\"lazy\" \/><\/a>\n\t\t\t<\/dt><\/dl><br style=\"clear: both\" \/><dl class='gallery-item'>\n\t\t\t<dt class='gallery-icon landscape'>\n\t\t\t\t<a href='http:\/\/ib-teni.at\/?attachment_id=57'><img width=\"150\" height=\"150\" src=\"http:\/\/ib-teni.at\/wp-content\/uploads\/2012\/06\/9-Lehmofen-Grobputz-150x150.jpg\" class=\"attachment-thumbnail size-thumbnail\" alt=\"\" decoding=\"async\" loading=\"lazy\" \/><\/a>\n\t\t\t<\/dt><\/dl><dl class='gallery-item'>\n\t\t\t<dt class='gallery-icon landscape'>\n\t\t\t\t<a href='http:\/\/ib-teni.at\/?attachment_id=58'><img width=\"150\" height=\"150\" src=\"http:\/\/ib-teni.at\/wp-content\/uploads\/2012\/06\/10-Natursteinplatten-Liegefl\u00e4che-150x150.jpg\" class=\"attachment-thumbnail size-thumbnail\" alt=\"\" decoding=\"async\" loading=\"lazy\" \/><\/a>\n\t\t\t<\/dt><\/dl><br style=\"clear: both\" \/><dl class='gallery-item'>\n\t\t\t<dt class='gallery-icon landscape'>\n\t\t\t\t<a href='http:\/\/ib-teni.at\/?attachment_id=59'><img width=\"150\" height=\"150\" src=\"http:\/\/ib-teni.at\/wp-content\/uploads\/2012\/06\/11-Fast-fertig-150x150.jpg\" class=\"attachment-thumbnail size-thumbnail\" alt=\"\" decoding=\"async\" loading=\"lazy\" \/><\/a>\n\t\t\t<\/dt><\/dl><dl class='gallery-item'>\n\t\t\t<dt class='gallery-icon landscape'>\n\t\t\t\t<a href='http:\/\/ib-teni.at\/?attachment_id=60'><img width=\"150\" height=\"150\" src=\"http:\/\/ib-teni.at\/wp-content\/uploads\/2012\/06\/12-150x150.jpg\" class=\"attachment-thumbnail size-thumbnail\" alt=\"\" decoding=\"async\" loading=\"lazy\" \/><\/a>\n\t\t\t<\/dt><\/dl><br style=\"clear: both\" \/>\n\t\t<\/div>\n\n","protected":false},"excerpt":{"rendered":"<p>Da der Baustoff Lehm sich einer &#8211; zu Recht &#8211; \u00a0immer gr\u00f6\u00dferen Beliebtheit erfreut, r\u00fccken auch wieder Anwendungen dieses genialen Baustoffes\u00a0ins allgemeine Blickfeld, die schon fast in Vergessenheit geraten sind. So erfreuen sich Lehm\u00f6fen einer immer gr\u00f6\u00dferen Beliebtheit. Wer sich &hellip; <a class=\"more-link\" href=\"http:\/\/ib-teni.at\/?page_id=48\">Continue reading <span class=\"meta-nav\">&rarr;<\/span><\/a><\/p>\n","protected":false},"author":1,"featured_media":0,"parent":0,"menu_order":0,"comment_status":"open","ping_status":"closed","template":"","meta":{"footnotes":""},"_links":{"self":[{"href":"http:\/\/ib-teni.at\/index.php?rest_route=\/wp\/v2\/pages\/48"}],"collection":[{"href":"http:\/\/ib-teni.at\/index.php?rest_route=\/wp\/v2\/pages"}],"about":[{"href":"http:\/\/ib-teni.at\/index.php?rest_route=\/wp\/v2\/types\/page"}],"author":[{"embeddable":true,"href":"http:\/\/ib-teni.at\/index.php?rest_route=\/wp\/v2\/users\/1"}],"replies":[{"embeddable":true,"href":"http:\/\/ib-teni.at\/index.php?rest_route=%2Fwp%2Fv2%2Fcomments&post=48"}],"version-history":[{"count":9,"href":"http:\/\/ib-teni.at\/index.php?rest_route=\/wp\/v2\/pages\/48\/revisions"}],"predecessor-version":[{"id":90,"href":"http:\/\/ib-teni.at\/index.php?rest_route=\/wp\/v2\/pages\/48\/revisions\/90"}],"wp:attachment":[{"href":"http:\/\/ib-teni.at\/index.php?rest_route=%2Fwp%2Fv2%2Fmedia&parent=48"}],"curies":[{"name":"wp","href":"https:\/\/api.w.org\/{rel}","templated":true}]}}