{"id":170,"date":"2012-07-12T10:31:07","date_gmt":"2012-07-12T10:31:07","guid":{"rendered":"http:\/\/ib-teni.at\/?page_id=170"},"modified":"2013-07-19T10:30:08","modified_gmt":"2013-07-19T10:30:08","slug":"holz","status":"publish","type":"page","link":"http:\/\/ib-teni.at\/?page_id=170","title":{"rendered":"Holz"},"content":{"rendered":"<p>Holz ist der Baustoff, der mich pers\u00f6nlich am meisten beeindruckt. Die vielf\u00e4ltigen Verwendungsm\u00f6glichkeiten in Verbindung mit der leichten Bearbeitbarkeit und der optischen Erscheinung machen Holz zu Recht zu einem der beliebtesten Baustoffe \u00fcberhaupt. Mit etwas handwerklichem Geschick kann jeder aus einem St\u00fcck Holz etwas Brauchbares herstellen. Und ein wirklich guter Handwerker, der mit dem Baustoff Holz umzugehen wei\u00df,\u00a0kann\u00a0beinahe alles herstellen.<\/p>\n<p>Die Verwendungsm\u00f6glichkeiten reichen von einfachen Gebrauchsgegenst\u00e4nden\u00a0\u00fcber den M\u00f6belbau bis hin zu aufwendigen statischen Konstruktionen.<\/p>\n<p><span style=\"text-decoration: underline;\">Einige Anwendungsm\u00f6glichkeiten des\u00a0Baustoffes Holz (ohne Anspruch\u00a0auf Vollst\u00e4ndigkeit): <\/span><\/p>\n<p>&#8211;\u00a0Hausbau (Naturstammh\u00e4user, Blockbau, Riegelbau, Dachst\u00fchle, Tr\u00e4ger, St\u00fctzen, etc.)<br \/>\n&#8211; Konstruktionsholz (Brettsperrholz, Leimholz)<br \/>\n&#8211; Fassadenverkleidungen<br \/>\n&#8211; D\u00e4mmmaterial (Holzfaserd\u00e4mmplatten, Holzfaser-Einblasd\u00e4mmung)<br \/>\n&#8211; Terrassen- und Balkonbel\u00e4ge<br \/>\n&#8211; Innenausbau (M\u00f6bel, B\u00f6den, T\u00fcren, Verkleidungen, etc.)<br \/>\n&#8211; Au\u00dfent\u00fcren und Tore<br \/>\n&#8211; Fenster<br \/>\n&#8211; Dachdeckungen (Schindeln)<br \/>\n&#8211; Bootsbau<br \/>\n&#8211; Gebrauchsgegenst\u00e4nde (Stiele f\u00fcr Werkzeuge aller Art, Spielzeug)<br \/>\n&#8211; Bogenbau<br \/>\n&#8211;\u00a0Heizmaterial<br \/>\n&#8211; &#8230;.<\/p>\n<p><a href=\"http:\/\/ib-teni.at\/wp-content\/uploads\/2012\/07\/IMG_0309.jpg\"><img decoding=\"async\" loading=\"lazy\" class=\"alignnone size-medium wp-image-209\" title=\"Holz im Bogenbau\" src=\"http:\/\/ib-teni.at\/wp-content\/uploads\/2012\/07\/IMG_0309-300x225.jpg\" alt=\"\" width=\"300\" height=\"225\" srcset=\"http:\/\/ib-teni.at\/wp-content\/uploads\/2012\/07\/IMG_0309-300x225.jpg 300w, http:\/\/ib-teni.at\/wp-content\/uploads\/2012\/07\/IMG_0309-1024x768.jpg 1024w, http:\/\/ib-teni.at\/wp-content\/uploads\/2012\/07\/IMG_0309.jpg 1152w\" sizes=\"(max-width: 300px) 100vw, 300px\" \/><\/a><br \/>\nHolz im Bogenbau.<\/p>\n<p>In einem waldreichen Land wie \u00d6sterreich &#8211; und besonders im Bundesland Steiermark &#8211; sollte\u00a0es auf der Hand liegen, diesen Baustoff, der uns so reichlich zur Verf\u00fcgung steht,\u00a0zu verwenden.<\/p>\n","protected":false},"excerpt":{"rendered":"<p>Holz ist der Baustoff, der mich pers\u00f6nlich am meisten beeindruckt. Die vielf\u00e4ltigen Verwendungsm\u00f6glichkeiten in Verbindung mit der leichten Bearbeitbarkeit und der optischen Erscheinung machen Holz zu Recht zu einem der beliebtesten Baustoffe \u00fcberhaupt. Mit etwas handwerklichem Geschick kann jeder aus &hellip; <a class=\"more-link\" href=\"http:\/\/ib-teni.at\/?page_id=170\">Continue reading <span class=\"meta-nav\">&rarr;<\/span><\/a><\/p>\n","protected":false},"author":1,"featured_media":0,"parent":0,"menu_order":0,"comment_status":"open","ping_status":"closed","template":"","meta":{"footnotes":""},"_links":{"self":[{"href":"http:\/\/ib-teni.at\/index.php?rest_route=\/wp\/v2\/pages\/170"}],"collection":[{"href":"http:\/\/ib-teni.at\/index.php?rest_route=\/wp\/v2\/pages"}],"about":[{"href":"http:\/\/ib-teni.at\/index.php?rest_route=\/wp\/v2\/types\/page"}],"author":[{"embeddable":true,"href":"http:\/\/ib-teni.at\/index.php?rest_route=\/wp\/v2\/users\/1"}],"replies":[{"embeddable":true,"href":"http:\/\/ib-teni.at\/index.php?rest_route=%2Fwp%2Fv2%2Fcomments&post=170"}],"version-history":[{"count":12,"href":"http:\/\/ib-teni.at\/index.php?rest_route=\/wp\/v2\/pages\/170\/revisions"}],"predecessor-version":[{"id":215,"href":"http:\/\/ib-teni.at\/index.php?rest_route=\/wp\/v2\/pages\/170\/revisions\/215"}],"wp:attachment":[{"href":"http:\/\/ib-teni.at\/index.php?rest_route=%2Fwp%2Fv2%2Fmedia&parent=170"}],"curies":[{"name":"wp","href":"https:\/\/api.w.org\/{rel}","templated":true}]}}